{"id":1045,"date":"2018-05-02T22:38:25","date_gmt":"2018-05-02T22:38:25","guid":{"rendered":"http:\/\/www.palaciodebornos.com\/?page_id=1045"},"modified":"2025-04-01T15:05:41","modified_gmt":"2025-04-01T15:05:41","slug":"politica-proteccion-datos","status":"publish","type":"page","link":"https:\/\/dominiodebornos.com\/en\/politica-proteccion-datos\/","title":{"rendered":"Pol\u00edtica protecci\u00f3n datos"},"content":{"rendered":"<p>BODEGA DE SARRIA, S.A. (en adelante BODESA) pone a tu disposici\u00f3n a trav\u00e9s de esta web la presente pol\u00edtica de privacidad con la finalidad de informarte, de forma detallada, sobre c\u00f3mo tratamos tus datos personales y protegemos tu privacidad y la informaci\u00f3n que nos proporcionas. En caso de introducir modificaciones en un futuro sobre la misma te lo comunicaremos a trav\u00e9s de la p\u00e1gina web o a trav\u00e9s de otros medios de modo que puedas conocer las nuevas condiciones de privacidad introducidas.&nbsp;<\/p>\n\n\n\n<p>En cumplimiento del Reglamento (UE) 2016\/679, General de Protecci\u00f3n de Datos y de la Ley Org\u00e1nica 3\/2018, de 5 de diciembre, de Protecci\u00f3n de Datos Personales y garant\u00eda de los derechos digitales te informamos de lo siguiente:<\/p>\n\n\n\n<h3 class=\"wp-block-heading\">1.&nbsp;<strong>Menores de edad<\/strong><\/h3>\n\n\n\n<p>Conforme a lo dispuesto en la normativa de protecci\u00f3n de datos Bodega de Sarr\u00eda S,A. (en adelante BODESA) determina como requisito indispensable para que puedas acceder a esta web que tengas m\u00e1s de 18 a\u00f1os. Si eres menor de 18 a\u00f1os y has accedido a este sitio web debes abandonarlo.<\/p>\n\n\n\n<p>La responsabilidad de la veracidad de esta informaci\u00f3n recae sobre ti. BODESA en el supuesto de que compruebe que no se cumple el citado requisito, tiene la potestad para hacer caso omiso a la solicitud de informaci\u00f3n remitida. En ning\u00fan caso se recabar\u00e1n del menor de edad datos relativos a la situaci\u00f3n profesional, econ\u00f3mica o a la intimidad de los otros miembros de la familia, sin el consentimiento de \u00e9stos.<strong><strong>&nbsp;<\/strong><\/strong><\/p>\n\n\n\n<h3 class=\"wp-block-heading\">2.&nbsp;<strong>\u00bfQui\u00e9n es el responsable del tratamiento de tus datos?<\/strong><\/h3>\n\n\n\n<p>BODEGA DE SARRIA, S.A. con CIF A-31100662, con domicilio en Finca Se\u00f1or\u00edo de Sarr\u00eda S\/N, 31100, Puente la Reina (Navarra), tel\u00e9fono: +34 983 868 116 y direcci\u00f3n de correo electr\u00f3nico:&nbsp;<a href=\"mailto:info@bornosbodegas.com\">info@bornosbodegas.com<\/a>.<strong><strong>&nbsp;<\/strong><\/strong><\/p>\n\n\n\n<h3 class=\"wp-block-heading\">3.&nbsp;<strong>Delegado de protecci\u00f3n de datos<\/strong><\/h3>\n\n\n\n<p>BODESA, como muestra de responsabilidad proactiva ha designado de forma voluntaria un Delegado de Protecci\u00f3n de Datos, que es la persona encargada de proteger el derecho fundamental a la protecci\u00f3n de datos personales y se encarga del cumplimiento de la normativa de protecci\u00f3n de datos.&nbsp;<\/p>\n\n\n\n<p>Podr\u00e1s contactar con el Delegado de Protecci\u00f3n de Datos de Bodesa en la siguiente direcci\u00f3n:&nbsp;<a href=\"mailto:dpd@bornosbodegas.com\">dpd@bornosbodegas.com<\/a>.<\/p>\n\n\n\n<p>Conforme a los dispuesto en el art. 37.1 LOPDGDD puedes acudir al Delegado de Protecci\u00f3n de Datos con car\u00e1cter previo a la presentaci\u00f3n de una reclamaci\u00f3n contra Bodesa ante la Agencia Espa\u00f1ola de Protecci\u00f3n de Datos, comunic\u00e1ndote el Delegado la decisi\u00f3n que se hubiera adoptado en relaci\u00f3n a tu reclamaci\u00f3n en el plazo m\u00e1ximo de dos meses a contar desde la recepci\u00f3n de la reclamaci\u00f3n.<strong><strong>&nbsp;<\/strong><\/strong><\/p>\n\n\n\n<h3 class=\"wp-block-heading\">4.&nbsp;<strong>\u00bfQu\u00e9 informaci\u00f3n recopilamos y con qu\u00e9 finalidad?<\/strong><\/h3>\n\n\n\n<p>Desde BODESA tratamos la informaci\u00f3n personal, que el usuario nos proporciona directamente.<\/p>\n\n\n\n<p>En general trataremos datos identificativos (como nombre, apellidos, tel\u00e9fono, direcci\u00f3n postal, e-mail, direcci\u00f3n IP).<\/p>\n\n\n\n<p>El usuario garantiza la autenticidad, exactitud y veracidad de toda la informaci\u00f3n que nos facilite, comprometi\u00e9ndose a mantener actualizados los datos de car\u00e1cter personal de forma que los mismos respondan, en todo momento, a su situaci\u00f3n real. El Usuario ser\u00e1 el \u00fanico responsable de las manifestaciones falsas o inexactas y de los perjuicios que las mismas pudieran causar.&nbsp;<\/p>\n\n\n\n<p>Los datos personales que nos aportes dentro del marco de la prestaci\u00f3n de nuestros servicios son obligatorios y son los m\u00ednimos necesarios para que podamos gestionar tu encargo.&nbsp;&nbsp;<\/p>\n\n\n\n<p>Los datos que nos facilites podr\u00e1n ser utilizados para una o varias de las finalidades que indicaremos a continuaci\u00f3n que vendr\u00e1n determinadas por factores como tu relaci\u00f3n con BODESA o por el medio empleado para la remisi\u00f3n de los datos. A continuaci\u00f3n, te exponemos los tratamientos a los que hace referencia la presente pol\u00edtica de privacidad, sin perjuicio de que puedan existir otros para los que se te informe o pida la oportuna autorizaci\u00f3n:<\/p>\n\n\n\n<ol class=\"wp-block-list\">\n<li><strong>Cumplimiento de obligaciones legales<\/strong><\/li>\n<\/ol>\n\n\n\n<p>Puede resultar necesario tratar los datos personales con la finalidad de cumplir con los requerimientos legales que correspondan. En concreto, para cumplir con la legislaci\u00f3n en materia de protecci\u00f3n de datos, tributaria, estad\u00edstica, de seguros, etc.<\/p>\n\n\n\n<ol start=\"2\" class=\"wp-block-list\">\n<li><strong>Formalizaci\u00f3n y ejecuci\u00f3n del contrato<\/strong><\/li>\n<\/ol>\n\n\n\n<p>Los datos personales del interesado son tratados con la finalidad de gestionar la relaci\u00f3n contractual y cumplir con los t\u00e9rminos del contrato en el caso de que compres en nuestra tienda on line, y nuestras obligaciones fiscales, cumpliendo, controlando y ejecutando en su caso la prestaci\u00f3n garantizada en el contrato formalizado.<\/p>\n\n\n\n<ol start=\"3\" class=\"wp-block-list\">\n<li><strong>Comunicaci\u00f3n-contacto<\/strong><\/li>\n<\/ol>\n\n\n\n<p>Los datos que nos mandes por correo electr\u00f3nico, aplicaciones de mensajer\u00eda instant\u00e1nea, o realizar una reclamaci\u00f3n los empleamos para contestar a la solicitud planteada.<\/p>\n\n\n\n<ol start=\"4\" class=\"wp-block-list\">\n<li><strong>Env\u00edo de comunicaciones comerciales por cualquier v\u00eda en caso de consentimiento adicional<\/strong><\/li>\n<\/ol>\n\n\n\n<p>Si consientes expl\u00edcitamente, tus datos podr\u00e1n ser cedidos las entidades colaboradoras con la finalidad de informarte por cualquier medio con fines promocionales y publicitarios sobre los centros, servicios, productos o eventos organizados o participados por nosotros.<strong><strong>&nbsp;<\/strong><\/strong><\/p>\n\n\n\n<h3 class=\"wp-block-heading\">5.&nbsp;<strong>\u00bfC\u00f3mo obtenemos tus datos personales?<\/strong><\/h3>\n\n\n\n<p>Recabamos tu informaci\u00f3n personal a trav\u00e9s de diferentes medios, pero siempre ser\u00e1s informado en el momento de la recogida mediante cl\u00e1usulas informativas sobre el responsable del tratamiento, la finalidad y la base legal del mismo, los destinatarios de los datos y el periodo de conservaci\u00f3n de su informaci\u00f3n, as\u00ed como la forma en que puede ejercer los derechos que le asisten en materia de protecci\u00f3n de datos.<\/p>\n\n\n\n<p>En general, la informaci\u00f3n personal que tratamos se limita a datos identificativos (nombre y apellidos, domicilio, DNI, tel\u00e9fono y correo electr\u00f3nico), servicios contratados y datos de pago y facturaci\u00f3n.<strong><strong>&nbsp;<\/strong><\/strong><\/p>\n\n\n\n<h3 class=\"wp-block-heading\">6.&nbsp;<strong>\u00bfPor cu\u00e1nto tiempo conservaremos tus datos?<\/strong><\/h3>\n\n\n\n<p>S\u00f3lo conservamos tu informaci\u00f3n por el periodo de tiempo necesario para cumplir con la finalidad para la que fue recogida, dar cumplimiento a las obligaciones legales que nos vienen impuestas y atender las posibles responsabilidades que pudieran derivar del cumplimiento de la finalidad por la que los datos fueron recabados. Tus datos personales se conservar\u00e1n durante la vigencia de la relaci\u00f3n jur\u00eddica y\/o contractual y, posteriormente, siempre que no hayas ejercitado tu derecho de supresi\u00f3n, ser\u00e1n conservados teniendo en cuenta los plazos legales que resulten de aplicaci\u00f3n en cada caso concreto, teniendo en cuenta la tipolog\u00eda de datos, as\u00ed como la finalidad del tratamiento.<\/p>\n\n\n\n<p>En caso de que ejercite un derecho de supresi\u00f3n y sea procedente el mismo, en cumplimiento del art. 32 LOPDGDD proceder\u00e1 su bloqueo, estando disponibles tan solo a solicitud de Jueces y tribunales, Defensor del Pueblo, Ministerio Fiscal o las Administraciones P\u00fablicas competentes durante el plazo de prescripci\u00f3n de las acciones que pudieran derivar y, transcurrido \u00e9ste, se proceder\u00e1 a su completa eliminaci\u00f3n.<\/p>\n\n\n\n<p>Tratamos tus datos de manera l\u00edcita, leal, transparente, adecuada, pertinente, limitada, exacta y actualizada. Es por ello que nos comprometemos a adoptar todas las medidas razonables para que estos se supriman o rectifiquen sin dilaci\u00f3n cuando sean inexactos.<strong><strong>&nbsp;<\/strong><\/strong><\/p>\n\n\n\n<h3 class=\"wp-block-heading\">7.&nbsp;<strong>\u00bfCu\u00e1l es la legitimaci\u00f3n para el tratamiento de tus datos?<\/strong><\/h3>\n\n\n\n<p>Dependiendo de la relaci\u00f3n que mantengamos y por ende de la finalidad del tratamiento, la base jur\u00eddica puede ser diferente. A continuaci\u00f3n, te exponemos las distintas bases aplicables en funci\u00f3n del tratamiento realizado:<\/p>\n\n\n\n<ul class=\"wp-block-list\">\n<li><strong>RELACI\u00d3N CONTRACTUAL<\/strong>: Para la prestaci\u00f3n contratada.<\/li>\n\n\n\n<li><strong>INTER\u00c9S LEG\u00cdTIMO<\/strong>: Entre otras, para la realizaci\u00f3n de perfiles, encuestas de calidad u opini\u00f3n, mantenimiento de la web o la atenci\u00f3n telef\u00f3nica.<\/li>\n\n\n\n<li><strong>OBLIGACI\u00d3N LEGAL<\/strong>: Para el cumplimiento de las obligaciones establecidas en cualquier otra normativa aplicable.<\/li>\n\n\n\n<li><strong>CONSENTIMIENTO<\/strong>: Cuando nos facilitas tus datos a trav\u00e9s de los formularios de contacto de la web, para el env\u00edo de comunicaciones comerciales sobre productos u otros servicios.<\/li>\n<\/ul>\n\n\n\n<p>Debes saber que en aquellos tratamientos en se te solicite el consentimiento, su no otorgamiento o eventual retirada con posterioridad no tendr\u00e1 consecuencias negativas para ti.<\/p>\n\n\n\n<p>En el caso de que se suministren datos de terceros, declaras contar con el consentimiento de los titulares de los mismos para la citada comunicaci\u00f3n de datos o en su caso ostentar su representaci\u00f3n legal, eximiendo de toda responsabilidad a BODESA.<strong><strong>&nbsp;<\/strong><\/strong><\/p>\n\n\n\n<h3 class=\"wp-block-heading\">8.&nbsp;<strong>\u00bfQu\u00e9 tipos de datos tratamos?<\/strong><\/h3>\n\n\n\n<p>Las categor\u00edas de datos que se tratamos son<\/p>\n\n\n\n<ul class=\"wp-block-list\">\n<li><strong>Contact<\/strong>: datos identificativos (nombre, pa\u00eds, email, direcci\u00f3n postal y direcci\u00f3n IP).<\/li>\n\n\n\n<li><strong>Cumplimiento contractual<\/strong>: Datos identificativos, datos de caracter\u00edsticas personales, datos de circunstancias sociales, datos acad\u00e9micos y profesionales, datos de detalles de empleo, datos de informaci\u00f3n comercial, datos econ\u00f3micos, financieros y de seguros, datos de transacciones de bienes y servicios, datos de salud o minusval\u00edas.<\/li>\n<\/ul>\n\n\n\n<p><strong><strong>&nbsp;<\/strong><\/strong><\/p>\n\n\n\n<h3 class=\"wp-block-heading\">9.&nbsp;<strong>\u00bfA qu\u00e9 destinatarios se comunicar\u00e1n tus datos?<\/strong><\/h3>\n\n\n\n<p>En funci\u00f3n de los servicios que te prestemos, se podr\u00e1n comunicar tus datos personales a terceros, siendo dicha comunicaci\u00f3n necesaria para el adecuado cumplimiento de las obligaciones legales y\/o contractuales. Dichos proveedores no tratar\u00e1n sus datos para finalidades propias que no hayan sido previamente informadas por BODESA.<\/p>\n\n\n\n<p>En aquellos casos de que para una mejor gesti\u00f3n y prestaci\u00f3n de los servicios se produzca un acceso a datos por cuenta de terceros, BODESA garantiza el mantenimiento de la confidencialidad en el tratamiento de los datos de car\u00e1cter personal. En todo caso, estas cesiones ser\u00e1n convenientemente advertidas al Usuario, detallando la identidad de la Cesionaria y la finalidad de la misma.&nbsp;<\/p>\n\n\n\n<p>Sus datos podr\u00e1n ser cedidos a:.<\/p>\n\n\n\n<ul class=\"wp-block-list\">\n<li>WhatsApp \u00ae: si emplea este sistema de mensajer\u00eda instant\u00e1nea para comunicarse con nosotros debe saber que tus datos ser\u00e1n tratados por WhatsApp Ireland Limited. Puedes conocer c\u00f3mo trata esta compa\u00f1\u00eda tus datos\u00a0<a href=\"https:\/\/www.whatsapp.com\/legal\/#key-updates\" target=\"_blank\" rel=\"noreferrer noopener\">aqu\u00ed<\/a>.<\/li>\n\n\n\n<li>Entidades financieras.\u00a0<\/li>\n\n\n\n<li>Asesor\u00eda Fiscal.<\/li>\n\n\n\n<li>Asesor\u00eda Laboral<\/li>\n\n\n\n<li>Auditores de cuentas.<\/li>\n\n\n\n<li>Abogados y Procuradores.<\/li>\n\n\n\n<li>Administraci\u00f3n Tributaria.<\/li>\n\n\n\n<li>Compa\u00f1\u00edas de seguros<\/li>\n<\/ul>\n\n\n\n<p><strong><strong>&nbsp;&nbsp;<\/strong><\/strong><\/p>\n\n\n\n<h3 class=\"wp-block-heading\">10.&nbsp;<strong>\u00bfCu\u00e1les son tus derechos cuando nos facilitas tus datos?<\/strong><\/h3>\n\n\n\n<p><img fetchpriority=\"high\" decoding=\"async\" src=\"http:\/\/www.bornosbodegas.com\/wp-content\/uploads\/2018\/05\/derechos_LOPD-2.jpg\" alt=\"\" width=\"1203\" height=\"1168\">Estos derechos se caracterizan por lo siguiente:<\/p>\n\n\n\n<ul class=\"wp-block-list\">\n<li>Su ejercicio es gratuito, salvo que se trate de solicitudes manifiestamente infundadas o excesivas (p. ej., car\u00e1cter repetitivo), en cuyo caso BODESA podr\u00e1 cobrar un canon proporcional a los costes administrativos soportados o negarse a actuar<\/li>\n\n\n\n<li>Puedes ejercer los derechos directamente o por medio de tu representante legal o voluntario<\/li>\n\n\n\n<li>Debemos responder a tu solicitud en el plazo de un mes, aunque, si se tiene en cuenta la complejidad y n\u00famero de solicitudes, se puede prorrogar el plazo en otros dos meses m\u00e1s.<\/li>\n\n\n\n<li>Tenemos la obligaci\u00f3n de informarte sobre los medios para ejercitar estos derechos, los cuales deben ser accesibles y sin poder denegarte el ejercicio del derecho por el solo motivo de optar por otro medio. Si la solicitud se presenta por medios electr\u00f3nicos, la informaci\u00f3n se facilitar\u00e1 por estos medios cuando sea posible, salvo que nos solicite que sea de otro modo.<\/li>\n\n\n\n<li>Si BODESA no da curso a la solicitud, te informar\u00e1, a m\u00e1s tardar en un mes, de las razones de su no actuaci\u00f3n y la posibilidad de reclamar ante una Autoridad de Control<\/li>\n<\/ul>\n\n\n\n<p>A fin de facilitar su ejercicio, te facilitamos los enlaces al formulario de solicitud de cada uno de los derechos:<\/p>\n\n\n\n<p><a href=\"https:\/\/www.aepd.es\/media\/formularios\/formulario-derecho-de-acceso.pdf\" target=\"_blank\" rel=\"noreferrer noopener\">Formulario ejercicio del derecho de acceso<\/a><\/p>\n\n\n\n<p><a href=\"https:\/\/www.aepd.es\/media\/formularios\/formulario-derecho-de-rectificacion.pdf\" target=\"_blank\" rel=\"noreferrer noopener\">Formulario de ejercicio del derecho de rectificaci\u00f3n<\/a><\/p>\n\n\n\n<p><a href=\"https:\/\/www.aepd.es\/media\/formularios\/formulario-derecho-de-oposicion.pdf\" target=\"_blank\" rel=\"noreferrer noopener\">Formulario de ejercicio del derecho de oposici\u00f3n<\/a><\/p>\n\n\n\n<p><a href=\"https:\/\/www.aepd.es\/media\/formularios\/formulario-derecho-de-supresion.pdf\" target=\"_blank\" rel=\"noreferrer noopener\">Formulario de ejercicio del derecho de supresi\u00f3n (derecho \u201cal olvido\u201d)<\/a><\/p>\n\n\n\n<p><a href=\"https:\/\/www.aepd.es\/media\/formularios\/formulario-derecho-de-limitacion.pdf\" target=\"_blank\" rel=\"noreferrer noopener\">Formulario de ejercicio del derecho a la limitaci\u00f3n del tratamiento<\/a><\/p>\n\n\n\n<p><a href=\"https:\/\/www.aepd.es\/media\/formularios\/formulario-derecho-de-portabilidad.pdf\" target=\"_blank\" rel=\"noreferrer noopener\">Formulario de ejercicios del derecho a la portabilidad<\/a><\/p>\n\n\n\n<p><a href=\"https:\/\/www.aepd.es\/media\/formularios\/formulario-derecho-de-oposicion-decisiones-automatizadas.pdf\" target=\"_blank\" rel=\"noreferrer noopener\">Formulario de ejercicio a no ser objeto de decisiones individuales automatizadas<\/a>&nbsp;<strong><strong>&nbsp;<\/strong><\/strong><\/p>\n\n\n\n<h3 class=\"wp-block-heading\">11.&nbsp;<strong>\u00bfC\u00f3mo protegemos tu informaci\u00f3n?<\/strong><\/h3>\n\n\n\n<p>En BODESA nos comprometemos a proteger tu informaci\u00f3n personal. Utilizamos medidas, controles y procedimientos de car\u00e1cter f\u00edsico, organizativo y tecnol\u00f3gico, razonablemente fiables y efectivos, orientados a preservar la integridad y la seguridad de sus datos y garantizar su privacidad.&nbsp;<\/p>\n\n\n\n<p>Adem\u00e1s, todo el personal con acceso a los datos personales ha sido formado y tiene conocimiento de sus obligaciones con relaci\u00f3n a los tratamientos de sus datos personales.<\/p>\n\n\n\n<p>Todas estas medidas de seguridad son revisadas de forma peri\u00f3dica para garantizar su adecuaci\u00f3n y efectividad.<\/p>\n\n\n\n<p>Sin embargo, la seguridad absoluta no se puede garantizar y no existe ning\u00fan sistema de seguridad que sea impenetrable por lo que, en el caso de cualquier informaci\u00f3n objeto de tratamiento y bajo nuestro control se viese comprometida como consecuencia de una brecha de seguridad, tomaremos las medidas adecuadas para investigar el incidente, notificarlo a la Autoridad de Control y, en su caso, a aquellos usuarios que se hubieran podido ver afectados para que tomen las medidas adecuadas.<strong><strong>&nbsp;<\/strong><\/strong><\/p>\n\n\n\n<h3 class=\"wp-block-heading\">12.&nbsp;<strong>Comunicaciones comerciales por medios electr\u00f3nicos<\/strong><\/h3>\n\n\n\n<p>BODESA te informa que da cumplimiento a la Ley 34\/2002 de 11 de julio, de Servicios de la Sociedad de la Informaci\u00f3n y el Comercio Electr\u00f3nico y no realiza pr\u00e1cticas de SPAM, por ello le solicitar\u00e1 su consentimiento al tratamiento de su correo electr\u00f3nico o tel\u00e9fono m\u00f3vil con fines comerciales en cada momento.<\/p>\n\n\n\n<h3 class=\"wp-block-heading\">13.&nbsp;<strong>Actualizaci\u00f3n de pol\u00edtica de privacidad<\/strong><\/h3>\n\n\n\n<p>BODESAse reserva el derecho de modificar su pol\u00edtica de privacidad o condiciones de uso de sus servicios por motivos de adaptaci\u00f3n a la legislaci\u00f3n vigente, u otros motivos, cuando esto ocurra, le avisaremos de cualquier cambio y le pediremos que vuelva a leer la versi\u00f3n m\u00e1s reciente de nuestra pol\u00edtica y en su caso que confirme su aceptaci\u00f3n. Se asegura la absoluta confidencialidad y privacidad de los datos personales recogidos y por ello se han adoptado medidas de seguridad a fin de evitar la alteraci\u00f3n, p\u00e9rdida, tratamiento o acceso no autorizado, y garantizar as\u00ed su integridad, disponibilidad y seguridad. Sin embargo, BODESA no ser\u00e1 responsable de las incidencias que puedan surgir en torno a datos personales cuando estas se deriven: bien de un ataque o acceso no autorizado a los sistemas de tal forma que resulte imposible detectarlo o impedirlo aun adopt\u00e1ndose las medidas seg\u00fan el estado de la tecnolog\u00eda actual.<\/p>","protected":false},"excerpt":{"rendered":"<p>BODEGA DE SARRIA, S.A. (en adelante BODESA) pone a tu disposici\u00f3n a trav\u00e9s de esta web la presente pol\u00edtica de privacidad con la finalidad de informarte, de forma detallada, sobre c\u00f3mo tratamos tus datos personales y protegemos tu privacidad y la informaci\u00f3n que nos proporcionas. En caso de introducir modificaciones en un futuro sobre la [&hellip;]<\/p>\n","protected":false},"author":1,"featured_media":0,"parent":0,"menu_order":0,"comment_status":"closed","ping_status":"closed","template":"","meta":{"_acf_changed":false,"footnotes":""},"class_list":["post-1045","page","type-page","status-publish","hentry"],"acf":[],"_links":{"self":[{"href":"https:\/\/dominiodebornos.com\/en\/wp-json\/wp\/v2\/pages\/1045","targetHints":{"allow":["GET"]}}],"collection":[{"href":"https:\/\/dominiodebornos.com\/en\/wp-json\/wp\/v2\/pages"}],"about":[{"href":"https:\/\/dominiodebornos.com\/en\/wp-json\/wp\/v2\/types\/page"}],"author":[{"embeddable":true,"href":"https:\/\/dominiodebornos.com\/en\/wp-json\/wp\/v2\/users\/1"}],"replies":[{"embeddable":true,"href":"https:\/\/dominiodebornos.com\/en\/wp-json\/wp\/v2\/comments?post=1045"}],"version-history":[{"count":3,"href":"https:\/\/dominiodebornos.com\/en\/wp-json\/wp\/v2\/pages\/1045\/revisions"}],"predecessor-version":[{"id":2897,"href":"https:\/\/dominiodebornos.com\/en\/wp-json\/wp\/v2\/pages\/1045\/revisions\/2897"}],"wp:attachment":[{"href":"https:\/\/dominiodebornos.com\/en\/wp-json\/wp\/v2\/media?parent=1045"}],"curies":[{"name":"wp","href":"https:\/\/api.w.org\/{rel}","templated":true}]}}