{"id":2659,"date":"2025-04-01T11:18:15","date_gmt":"2025-04-01T11:18:15","guid":{"rendered":"https:\/\/dominiodebornos.com\/?page_id=2659"},"modified":"2026-04-13T13:03:27","modified_gmt":"2026-04-13T11:03:27","slug":"el-vinedo","status":"publish","type":"page","link":"https:\/\/dominiodebornos.com\/en\/el-vinedo\/","title":{"rendered":"The vineyard"},"content":{"rendered":"<div data-elementor-type=\"wp-page\" data-elementor-id=\"2659\" class=\"elementor elementor-2659\">\n\t\t\t\t\t\t<section class=\"elementor-section elementor-top-section elementor-element elementor-element-bca26af elementor-section-full_width elementor-section-height-min-height elementor-section-items-stretch elementor-section-height-default qodef-elementor-content-no\" data-id=\"bca26af\" data-element_type=\"section\" data-e-type=\"section\" data-settings=\"{&quot;background_background&quot;:&quot;classic&quot;}\">\n\t\t\t\t\t\t<div class=\"elementor-container elementor-column-gap-default\">\n\t\t\t\t\t<div class=\"elementor-column elementor-col-33 elementor-top-column elementor-element elementor-element-5ba79fa qodef-sticky-column--no\" data-id=\"5ba79fa\" data-element_type=\"column\" data-e-type=\"column\">\n\t\t\t<div class=\"elementor-widget-wrap elementor-element-populated\">\n\t\t\t\t\t\t<div class=\"elementor-element elementor-element-20733fa elementor-widget__width-initial elementor-widget-tablet__width-inherit elementor-invisible elementor-widget elementor-widget-qi_addons_for_elementor_section_title\" data-id=\"20733fa\" data-element_type=\"widget\" data-e-type=\"widget\" data-settings=\"{&quot;_animation&quot;:&quot;fadeIn&quot;}\" data-widget_type=\"qi_addons_for_elementor_section_title.default\">\n\t\t\t\t<div class=\"elementor-widget-container\">\n\t\t\t\t\t<div class=\"qodef-shortcode qodef-m qodef-qi-section-title qodef-decoration--italic qodef-link--underline-draw qodef-subtitle-icon--left\">\n\t\t\t\t\t\t<h1 class=\"qodef-m-title translation-block\">The land that speaks for itself, the grape that defines us<\/h1>\n\t\t\t<div class=\"qodef-m-text\"><p>Vineyards that speak the language of the landscape<\/p><\/div>\n\t<\/div>\n\t\t\t\t<\/div>\n\t\t\t\t<\/div>\n\t\t\t\t\t<\/div>\n\t\t<\/div>\n\t\t\t\t<div class=\"elementor-column elementor-col-33 elementor-top-column elementor-element elementor-element-bfeeea4 qodef-sticky-column--no elementor-invisible\" data-id=\"bfeeea4\" data-element_type=\"column\" data-e-type=\"column\" data-settings=\"{&quot;background_background&quot;:&quot;classic&quot;,&quot;animation&quot;:&quot;fadeIn&quot;,&quot;animation_delay&quot;:300}\">\n\t\t\t<div class=\"elementor-widget-wrap elementor-element-populated\">\n\t\t\t\t\t\t<div class=\"elementor-element elementor-element-3599b0c elementor-widget elementor-widget-spacer\" data-id=\"3599b0c\" data-element_type=\"widget\" data-e-type=\"widget\" data-widget_type=\"spacer.default\">\n\t\t\t\t<div class=\"elementor-widget-container\">\n\t\t\t\t\t\t\t<div class=\"elementor-spacer\">\n\t\t\t<div class=\"elementor-spacer-inner\"><\/div>\n\t\t<\/div>\n\t\t\t\t\t\t<\/div>\n\t\t\t\t<\/div>\n\t\t\t\t\t<\/div>\n\t\t<\/div>\n\t\t\t\t<div class=\"elementor-column elementor-col-33 elementor-top-column elementor-element elementor-element-102c21b qodef-sticky-column--no\" data-id=\"102c21b\" data-element_type=\"column\" data-e-type=\"column\">\n\t\t\t<div class=\"elementor-widget-wrap elementor-element-populated\">\n\t\t\t\t\t\t<div class=\"elementor-element elementor-element-cbd8e9f elementor-widget__width-initial elementor-widget-tablet__width-inherit elementor-invisible elementor-widget elementor-widget-qi_addons_for_elementor_section_title\" data-id=\"cbd8e9f\" data-element_type=\"widget\" data-e-type=\"widget\" data-settings=\"{&quot;_animation&quot;:&quot;fadeIn&quot;,&quot;_animation_delay&quot;:600}\" data-widget_type=\"qi_addons_for_elementor_section_title.default\">\n\t\t\t\t<div class=\"elementor-widget-container\">\n\t\t\t\t\t<div class=\"qodef-shortcode qodef-m qodef-qi-section-title qodef-decoration--italic qodef-link--underline-draw qodef-subtitle-icon--left\">\n\t\t\t\t\t\t\t\t<div class=\"qodef-m-text\">At Dominio de Bornos, we see each wine as a true expression of our vineyard, our land and our time. We tend our plots and select each grape with a deep respect for our origins and a commitment to excellence. This is how we create balanced, authentic wines with their own distinct character. Vintage after vintage, we remain true to our roots, with a single purpose: to create wines that stir the emotions and linger in the memory.<\/div>\n\t<\/div>\n\t\t\t\t<\/div>\n\t\t\t\t<\/div>\n\t\t\t\t\t<\/div>\n\t\t<\/div>\n\t\t\t\t\t<\/div>\n\t\t<\/section>\n\t\t\t\t<section class=\"elementor-section elementor-top-section elementor-element elementor-element-978d86e elementor-section-full_width elementor-section-height-min-height elementor-section-height-default elementor-section-items-middle qodef-elementor-content-no\" data-id=\"978d86e\" data-element_type=\"section\" data-e-type=\"section\" data-settings=\"{&quot;background_background&quot;:&quot;classic&quot;}\">\n\t\t\t\t\t\t<div class=\"elementor-container elementor-column-gap-default\">\n\t\t\t\t\t<div class=\"elementor-column elementor-col-100 elementor-top-column elementor-element elementor-element-50ee76f qodef-sticky-column--no elementor-invisible\" data-id=\"50ee76f\" data-element_type=\"column\" data-e-type=\"column\" data-settings=\"{&quot;background_background&quot;:&quot;classic&quot;,&quot;animation&quot;:&quot;fadeIn&quot;}\">\n\t\t\t<div class=\"elementor-widget-wrap elementor-element-populated\">\n\t\t\t\t\t\t<div class=\"elementor-element elementor-element-f215ae6 elementor-widget__width-auto elementor-widget elementor-widget-qi_addons_for_elementor_section_title\" data-id=\"f215ae6\" data-element_type=\"widget\" data-e-type=\"widget\" data-widget_type=\"qi_addons_for_elementor_section_title.default\">\n\t\t\t\t<div class=\"elementor-widget-container\">\n\t\t\t\t\t<div class=\"qodef-shortcode qodef-m qodef-qi-section-title qodef-decoration--italic qodef-link--underline-draw qodef-subtitle-icon--left\">\n\t\t\t\t\t\t<h3 class=\"qodef-m-title\">\n\t\tWines\t<\/h3>\n\t\t\t<\/div>\n\t\t\t\t<\/div>\n\t\t\t\t<\/div>\n\t\t\t\t<div class=\"elementor-element elementor-element-7a3a25b elementor-widget elementor-widget-qi_addons_for_elementor_button\" data-id=\"7a3a25b\" data-element_type=\"widget\" data-e-type=\"widget\" data-widget_type=\"qi_addons_for_elementor_button.default\">\n\t\t\t\t<div class=\"elementor-widget-container\">\n\t\t\t\t\t<a class=\"qodef-shortcode qodef-m qodef-qi-button qodef-html--link qodef-layout--textual qodef-icon--right qodef-hover--icon-move-horizontal-short\" href=\"https:\/\/dominiodebornos.com\/en\/dominio-de-bornos-vinos\/\" target=\"_self\">\n\t<span class=\"qodef-m-text\">Learn more<\/span>\n\t\t<span class=\"qodef-m-icon\">\n\t\t<span class=\"qodef-m-icon-inner\">\n\t\t\t<svg xmlns=\"http:\/\/www.w3.org\/2000\/svg\" xmlns:xlink=\"http:\/\/www.w3.org\/1999\/xlink\" width=\"50\" height=\"1\" xml:space=\"preserve\">  <image width=\"160\" height=\"137\" transform=\"translate(-8203.448 -8171.177)\"><\/image>  <path fill=\"#28291B\" d=\"M0-.032h50v1.063H0z\"><\/path><\/svg>\t\t\t\t\t<\/span>\n\t<\/span>\n<\/a>\n\t\t\t\t<\/div>\n\t\t\t\t<\/div>\n\t\t\t\t\t<\/div>\n\t\t<\/div>\n\t\t\t\t\t<\/div>\n\t\t<\/section>\n\t\t\t\t<\/div>","protected":false},"excerpt":{"rendered":"<p>La tierra que se expresa, la uva que nos define Vi\u00f1as que hablan el idioma del paisaje En Dominio de Bornos concebimos cada vino como la expresi\u00f3n sincera de nuestro vi\u00f1edo, nuestro territorio y nuestro tiempo. Cuidamos nuestras parcela y seleccionamos cada uva guiados por el respeto al origen y la b\u00fasqueda de la excelencia. [&hellip;]<\/p>\n","protected":false},"author":4,"featured_media":602,"parent":0,"menu_order":0,"comment_status":"closed","ping_status":"closed","template":"elementor_header_footer","meta":{"_acf_changed":false,"footnotes":""},"class_list":["post-2659","page","type-page","status-publish","has-post-thumbnail","hentry"],"acf":[],"_links":{"self":[{"href":"https:\/\/dominiodebornos.com\/en\/wp-json\/wp\/v2\/pages\/2659","targetHints":{"allow":["GET"]}}],"collection":[{"href":"https:\/\/dominiodebornos.com\/en\/wp-json\/wp\/v2\/pages"}],"about":[{"href":"https:\/\/dominiodebornos.com\/en\/wp-json\/wp\/v2\/types\/page"}],"author":[{"embeddable":true,"href":"https:\/\/dominiodebornos.com\/en\/wp-json\/wp\/v2\/users\/4"}],"replies":[{"embeddable":true,"href":"https:\/\/dominiodebornos.com\/en\/wp-json\/wp\/v2\/comments?post=2659"}],"version-history":[{"count":163,"href":"https:\/\/dominiodebornos.com\/en\/wp-json\/wp\/v2\/pages\/2659\/revisions"}],"predecessor-version":[{"id":4853,"href":"https:\/\/dominiodebornos.com\/en\/wp-json\/wp\/v2\/pages\/2659\/revisions\/4853"}],"wp:featuredmedia":[{"embeddable":true,"href":"https:\/\/dominiodebornos.com\/en\/wp-json\/wp\/v2\/media\/602"}],"wp:attachment":[{"href":"https:\/\/dominiodebornos.com\/en\/wp-json\/wp\/v2\/media?parent=2659"}],"curies":[{"name":"wp","href":"https:\/\/api.w.org\/{rel}","templated":true}]}}