{"id":942,"date":"2017-06-07T10:11:45","date_gmt":"2017-06-07T10:11:45","guid":{"rendered":"http:\/\/www.palaciodebornos.com\/?page_id=942"},"modified":"2017-06-07T10:13:01","modified_gmt":"2017-06-07T10:13:01","slug":"datos","status":"publish","type":"page","link":"https:\/\/dominiodebornos.com\/en\/datos\/","title":{"rendered":"LOPD"},"content":{"rendered":"<h2>POL\u00cdTICA DE PROTECCI\u00d3N DE DATOS<\/h2>\n<p>Bodega de Sarr\u00eda, S.A. (en adelante BODESA) tiene entre sus objetivos prioritarios garantizar a los usuarios de su web una absoluta confidencialidad de los datos aportados por los mismos. En este sentido, se compromete plenamente con la protecci\u00f3n de los datos personales a tenor de la Ley Org\u00e1nica 15\/1999, de 13 de diciembre, de Protecci\u00f3n de Datos de Car\u00e1cter Personal.<\/p>\n<p>BODESA le informa que da cumplimiento a la Ley 34\/2002 de 11 de julio, de Servicios de la Sociedad de la Informaci\u00f3n y el Comercio Electr\u00f3nico y le solicitar\u00e1 su consentimiento al tratamiento de su correo electr\u00f3nico con fines comerciales en cada momento.<\/p>\n<p>Su direcci\u00f3n de correo electr\u00f3nico y el resto de datos personales que nos suministre pasan a formar parte de un fichero titularidad de Bodesa, denominado Contactos Webs, debidamente inscrito en el Registro General de Protecci\u00f3n de Datos, frente al cual el usuario podr\u00e1, en cualquier momento, de acuerdo con lo dispuesto en el art\u00edculo 5 LOPD respecto a los datos de car\u00e1cter personal recogidos, ejercitar los derechos de acceso, rectificaci\u00f3n, cancelaci\u00f3n y oposici\u00f3n, mediante solicitud dirigida por escrito acreditando su identidad a la atenci\u00f3n del titular del fichero en los t\u00e9rminos que suscribe la legislaci\u00f3n vigente a la siguiente direcci\u00f3n de correo electr\u00f3nico clubbornos@clubbornos.com, indicando en el Asunto EJERCICIO DERECHOS ARCO. No podr\u00e1 contactar con nosotros si no acepta la casilla de verificaci\u00f3n no marcada que acredita que ha le\u00eddo y acepta la presente pol\u00edtica de protecci\u00f3n de datos. Los datos facilitados son incorporados para su tratamiento con la finalidad de responder a sus dudas o intereses, as\u00ed como la de remitirte la informaci\u00f3n comercial sobre productos similares que podamos ofertar en el futuro. La aceptaci\u00f3n de nuestra pol\u00edtica de privacidad implica su consentimiento expreso al tratamiento de sus datos para las finalidades descritas. Igualmente, entenderemos que consiente expresamente a la transferencia internacional de sus datos a EEUU, pa\u00eds donde se encuentran ubicados los servidores de nuestro partner Mailchimp\u00a9, servicio operado por la empresa The Rocket Science Group con sede en Georgia, cuyo software empleamos para remitirles informaci\u00f3n comercial a trav\u00e9s del correo electr\u00f3nico. Cualquier modificaci\u00f3n que pueda en su caso producirse en los datos de car\u00e1cter personal, deber\u00e1 ser puesta en conocimiento por parte del titular de los mismos al responsable del fichero, respondiendo en cualquier caso de la veracidad y exactitud de los datos suministrados en cada momento. En el caso de que se suministren datos de terceros, el usuario declara contar con el consentimiento de los titulares de los mismos para la citada comunicaci\u00f3n de datos. Se le informa que puede oponerse al tratamiento de sus datos para finalidades descritas. BODESA se reserva el derecho de modificar su pol\u00edtica de privacidad o condiciones de uso de sus servicios por motivos de adaptaci\u00f3n a la legislaci\u00f3n vigente, u otros motivos, por lo que se recomienda al usuario de este sitio web la revisi\u00f3n peri\u00f3dica de esta pol\u00edtica, ya que el uso de este sitio web por parte del usuario se entender\u00e1 como aceptaci\u00f3n de la pol\u00edtica de privacidad vigentes en ese momento. Se asegura la absoluta confidencialidad y privacidad de los datos personales recogidos y por ello se han adoptado medidas de seguridad a fin de evitar la alteraci\u00f3n, p\u00e9rdida, tratamiento o acceso no autorizado, y garantizar as\u00ed su integridad, disponibilidad y seguridad. Sin embargo, BODESA no ser\u00e1 responsable de las incidencias que puedan surgir en torno a datos personales cuando estas se deriven: bien de un ataque o acceso no autorizado a los sistemas de tal forma que resulte imposible detectarlo o impedirlo aun adopt\u00e1ndose las medidas seg\u00fan el estado de la tecnolog\u00eda actual.<\/p>\n<p>&nbsp;<\/p>\n<p>&#8211;<\/p>","protected":false},"excerpt":{"rendered":"<p>POL\u00cdTICA DE PROTECCI\u00d3N DE DATOS Bodega de Sarr\u00eda, S.A. (en adelante BODESA) tiene entre sus objetivos prioritarios garantizar a los usuarios de su web una absoluta confidencialidad de los datos aportados por los mismos. En este sentido, se compromete plenamente con la protecci\u00f3n de los datos personales a tenor de la Ley Org\u00e1nica 15\/1999, de [&hellip;]<\/p>\n","protected":false},"author":1,"featured_media":0,"parent":0,"menu_order":0,"comment_status":"closed","ping_status":"closed","template":"","meta":{"_acf_changed":false,"footnotes":""},"class_list":["post-942","page","type-page","status-publish","hentry"],"acf":[],"_links":{"self":[{"href":"https:\/\/dominiodebornos.com\/en\/wp-json\/wp\/v2\/pages\/942","targetHints":{"allow":["GET"]}}],"collection":[{"href":"https:\/\/dominiodebornos.com\/en\/wp-json\/wp\/v2\/pages"}],"about":[{"href":"https:\/\/dominiodebornos.com\/en\/wp-json\/wp\/v2\/types\/page"}],"author":[{"embeddable":true,"href":"https:\/\/dominiodebornos.com\/en\/wp-json\/wp\/v2\/users\/1"}],"replies":[{"embeddable":true,"href":"https:\/\/dominiodebornos.com\/en\/wp-json\/wp\/v2\/comments?post=942"}],"version-history":[{"count":2,"href":"https:\/\/dominiodebornos.com\/en\/wp-json\/wp\/v2\/pages\/942\/revisions"}],"predecessor-version":[{"id":944,"href":"https:\/\/dominiodebornos.com\/en\/wp-json\/wp\/v2\/pages\/942\/revisions\/944"}],"wp:attachment":[{"href":"https:\/\/dominiodebornos.com\/en\/wp-json\/wp\/v2\/media?parent=942"}],"curies":[{"name":"wp","href":"https:\/\/api.w.org\/{rel}","templated":true}]}}